{"id":33,"date":"2023-06-09T15:04:06","date_gmt":"2023-06-09T13:04:06","guid":{"rendered":"http:\/\/lefelun.fr\/?page_id=33"},"modified":"2023-08-05T16:04:44","modified_gmt":"2023-08-05T14:04:44","slug":"a-propos","status":"publish","type":"page","link":"https:\/\/lefelun.fr\/index.php\/a-propos\/","title":{"rendered":"A propos"},"content":{"rendered":"<p>Artiste amateur s&rsquo;exprimant par l&rsquo;\u00e9criture envisag\u00e9e comme une catharsis<\/p>\n<p>CONTACT :<\/p>\n<p><a href=\"mailto:felun005@gmail.com\">felun005@gmail.com<\/a><\/p>\n<p>NB : Si accompagner l&rsquo;un de ces textes en musique vous int\u00e9resse, je suis ouvert \u00e0 des collaborations&#8230; Les oeuvres pr\u00e9sentes sur ce site sont prot\u00e9g\u00e9es par un d\u00e9p\u00f4t \u00e0 la SACEM. Je r\u00e9fl\u00e9chis actuellement \u00e0 un don des droits d&rsquo;auteur \u00e0 une association caritative ou \u00e0 un organisme m\u00e9dico-social. N&rsquo;h\u00e9sitez pas \u00e0 me contacter via l&#8217;email ci-dessus. Merci pour votre int\u00e9r\u00eat et au plaisir de vous lire.<\/p>\n","protected":false},"excerpt":{"rendered":"<p>Artiste amateur s&rsquo;exprimant par l&rsquo;\u00e9criture envisag\u00e9e comme une catharsis CONTACT : felun005@gmail.com NB : Si accompagner l&rsquo;un de ces textes en musique vous int\u00e9resse, je suis ouvert \u00e0 des collaborations&#8230; Les oeuvres pr\u00e9sentes sur ce site sont prot\u00e9g\u00e9es par un d\u00e9p\u00f4t \u00e0 la SACEM. Je r\u00e9fl\u00e9chis actuellement \u00e0 un don des droits d&rsquo;auteur \u00e0 une [&hellip;]<\/p>\n","protected":false},"author":1,"featured_media":0,"parent":0,"menu_order":0,"comment_status":"closed","ping_status":"closed","template":"","meta":{"footnotes":""},"class_list":["post-33","page","type-page","status-publish","hentry"],"_links":{"self":[{"href":"https:\/\/lefelun.fr\/index.php\/wp-json\/wp\/v2\/pages\/33","targetHints":{"allow":["GET"]}}],"collection":[{"href":"https:\/\/lefelun.fr\/index.php\/wp-json\/wp\/v2\/pages"}],"about":[{"href":"https:\/\/lefelun.fr\/index.php\/wp-json\/wp\/v2\/types\/page"}],"author":[{"embeddable":true,"href":"https:\/\/lefelun.fr\/index.php\/wp-json\/wp\/v2\/users\/1"}],"replies":[{"embeddable":true,"href":"https:\/\/lefelun.fr\/index.php\/wp-json\/wp\/v2\/comments?post=33"}],"version-history":[{"count":5,"href":"https:\/\/lefelun.fr\/index.php\/wp-json\/wp\/v2\/pages\/33\/revisions"}],"predecessor-version":[{"id":98,"href":"https:\/\/lefelun.fr\/index.php\/wp-json\/wp\/v2\/pages\/33\/revisions\/98"}],"wp:attachment":[{"href":"https:\/\/lefelun.fr\/index.php\/wp-json\/wp\/v2\/media?parent=33"}],"curies":[{"name":"wp","href":"https:\/\/api.w.org\/{rel}","templated":true}]}}