{"id":6,"date":"2023-05-30T09:07:14","date_gmt":"2023-05-30T07:07:14","guid":{"rendered":"http:\/\/lefelun.fr\/?page_id=6"},"modified":"2023-09-10T12:55:22","modified_gmt":"2023-09-10T10:55:22","slug":"le-felun","status":"publish","type":"page","link":"https:\/\/lefelun.fr\/","title":{"rendered":"Accueil"},"content":{"rendered":"\n<figure class=\"wp-block-image size-full is-resized\"><img loading=\"lazy\" decoding=\"async\" src=\"https:\/\/lefelun.fr\/wp-content\/uploads\/2023\/06\/onlinelogomaker-092021-1314-6134.png\" alt=\"\" class=\"wp-image-24\" width=\"168\" height=\"152\" srcset=\"https:\/\/lefelun.fr\/wp-content\/uploads\/2023\/06\/onlinelogomaker-092021-1314-6134.png 884w, https:\/\/lefelun.fr\/wp-content\/uploads\/2023\/06\/onlinelogomaker-092021-1314-6134-300x273.png 300w, https:\/\/lefelun.fr\/wp-content\/uploads\/2023\/06\/onlinelogomaker-092021-1314-6134-768x699.png 768w\" sizes=\"auto, (max-width: 168px) 100vw, 168px\" \/>Acc\u00e8s \u00e0 la cha\u00eene Youtube (<a href=\"https:\/\/www.youtube.com\/@LeFelUn\" target=\"_blank\" rel=\"noopener\">cliquez ici<\/a>)<\/figure><\/br>\n\n\n\n<p><\/p>\n\n\n\n<p><\/p>\n\n\n\n<p><\/p>\n\n\n\n<figure class=\"wp-block-embed is-type-video is-provider-youtube wp-block-embed-youtube wp-embed-aspect-16-9 wp-has-aspect-ratio\"><div class=\"wp-block-embed__wrapper\">\n<iframe loading=\"lazy\" title=\"Le F\u00e9l&#039;Un - U3 (feat Rose du bitume)\" width=\"500\" height=\"281\" src=\"https:\/\/www.youtube.com\/embed\/Yy_9SwzFHsY?feature=oembed\" frameborder=\"0\" allow=\"accelerometer; autoplay; clipboard-write; encrypted-media; gyroscope; picture-in-picture; web-share\" referrerpolicy=\"strict-origin-when-cross-origin\" allowfullscreen><\/iframe>\n<\/div><\/figure>\n\n\n\n<\/br><\/br>\n<p><\/p>\n\n\n\n<p><\/p>\n\n\n\n<p><\/p>\n\n\n<ul class=\"wp-block-latest-posts__list wp-block-latest-posts\"><li><a class=\"wp-block-latest-posts__post-title\" href=\"https:\/\/lefelun.fr\/index.php\/2024\/09\/14\/toi-mon-frere\/\">Toi, mon Fr\u00e8re\u2026<\/a><\/li>\n<li><a class=\"wp-block-latest-posts__post-title\" href=\"https:\/\/lefelun.fr\/index.php\/2024\/09\/14\/souhaits\/\">SOUHAITS<\/a><\/li>\n<li><a class=\"wp-block-latest-posts__post-title\" href=\"https:\/\/lefelun.fr\/index.php\/2024\/09\/14\/soldats\/\">SOLDATS<\/a><\/li>\n<li><a class=\"wp-block-latest-posts__post-title\" href=\"https:\/\/lefelun.fr\/index.php\/2024\/09\/14\/savoie\/\">SAVOIE<\/a><\/li>\n<li><a class=\"wp-block-latest-posts__post-title\" href=\"https:\/\/lefelun.fr\/index.php\/2024\/09\/14\/rubis\/\">RUBIS<\/a><\/li>\n<\/ul>","protected":false},"excerpt":{"rendered":"","protected":false},"author":1,"featured_media":0,"parent":0,"menu_order":0,"comment_status":"closed","ping_status":"closed","template":"","meta":{"footnotes":""},"class_list":["post-6","page","type-page","status-publish","hentry"],"_links":{"self":[{"href":"https:\/\/lefelun.fr\/index.php\/wp-json\/wp\/v2\/pages\/6","targetHints":{"allow":["GET"]}}],"collection":[{"href":"https:\/\/lefelun.fr\/index.php\/wp-json\/wp\/v2\/pages"}],"about":[{"href":"https:\/\/lefelun.fr\/index.php\/wp-json\/wp\/v2\/types\/page"}],"author":[{"embeddable":true,"href":"https:\/\/lefelun.fr\/index.php\/wp-json\/wp\/v2\/users\/1"}],"replies":[{"embeddable":true,"href":"https:\/\/lefelun.fr\/index.php\/wp-json\/wp\/v2\/comments?post=6"}],"version-history":[{"count":24,"href":"https:\/\/lefelun.fr\/index.php\/wp-json\/wp\/v2\/pages\/6\/revisions"}],"predecessor-version":[{"id":95,"href":"https:\/\/lefelun.fr\/index.php\/wp-json\/wp\/v2\/pages\/6\/revisions\/95"}],"wp:attachment":[{"href":"https:\/\/lefelun.fr\/index.php\/wp-json\/wp\/v2\/media?parent=6"}],"curies":[{"name":"wp","href":"https:\/\/api.w.org\/{rel}","templated":true}]}}